{"id":126,"date":"2017-09-14T16:32:54","date_gmt":"2017-09-14T16:32:54","guid":{"rendered":"https:\/\/iglesiaportaldelcielo.com\/jorgeledesma\/?page_id=126"},"modified":"2026-01-23T14:27:06","modified_gmt":"2026-01-23T17:27:06","slug":"nosotros","status":"publish","type":"page","link":"https:\/\/iglesiaportaldelcielo.com\/en\/nosotros\/","title":{"rendered":"Nosotros"},"content":{"rendered":"<p>[et_pb_section fb_built=\"1\" admin_label=\"TITULO\" _builder_version=\"4.16\" background_image=\"\/\/i0.wp.com\/jorgeledesma.com\/wp-content\/uploads\/2017\/12\/fondo2.jpg\" collapsed=\"on\" global_colors_info=\"{}\"][et_pb_row _builder_version=\"4.16\" background_size=\"initial\" background_position=\"top_left\" background_repeat=\"repeat\" width=\"100%\" module_alignment=\"center\" custom_padding=\"65px||65px||true|false\" use_custom_width=\"on\" width_unit=\"off\" custom_width_percent=\"100%\" collapsed=\"on\" global_colors_info=\"{}\"][et_pb_column type=\"4_4\" _builder_version=\"4.16\" custom_padding=\"|||\" global_colors_info=\"{}\" custom_padding__hover=\"|||\"][et_pb_text admin_label=\"Pastores\" _builder_version=\"4.16\" text_font=\"||||||||\" text_text_color=\"#ffffff\" text_font_size=\"50\" text_line_height=\"1.4em\" header_2_text_color=\"#ffffff\" header_2_font_size=\"36px\" text_orientation=\"center\" text_font_size_tablet=\"35px\" text_font_size_phone=\"\" text_font_size_last_edited=\"on|phone\" header_2_font_size_tablet=\"35px\" header_2_font_size_phone=\"\" header_2_font_size_last_edited=\"on|tablet\" inline_fonts=\"Comfortaa\" global_colors_info=\"{}\"]<H2>Pastores<\/H2>[\/et_pb_text][\/et_pb_column][\/et_pb_row][\/et_pb_section][et_pb_section fb_built=\"1\" admin_label=\"NOSOTROS\" _builder_version=\"4.16\" custom_padding=\"0px||45px||false|false\" collapsed=\"on\" global_colors_info=\"{}\"][et_pb_row _builder_version=\"4.16\" background_size=\"initial\" background_position=\"top_left\" background_repeat=\"repeat\" width=\"60%\" width_tablet=\"80%\" width_phone=\"\" width_last_edited=\"on|desktop\" use_custom_width=\"on\" width_unit=\"off\" custom_width_percent=\"75%\" collapsed=\"off\" global_colors_info=\"{}\"][et_pb_column type=\"4_4\" _builder_version=\"4.16\" custom_padding=\"|||\" global_colors_info=\"{}\" custom_padding__hover=\"|||\"][et_pb_text admin_label=\"Nosotros\" _builder_version=\"4.27.4\" text_font=\"||||||||\" hover_enabled=\"0\" text_font_size_tablet=\"14px\" text_font_size_phone=\"14px\" text_font_size_last_edited=\"on|phone\" text_orientation_tablet=\"left\" text_orientation_phone=\"left\" text_orientation_last_edited=\"on|desktop\" global_colors_info=\"{}\" sticky_enabled=\"0\"]<\/p>\n<p>Iglesia Cristiana Internacional es una iglesia evang\u00e9lica fundada por los pastores Jorge y Alicia Ledesma en el a\u00f1o 1994 en Resistencia Chaco, Argentina, con tan solo 12 personas.<\/p>\n<p>la iglesia tuvo un crecimiento permanente desde sus comienzos.<\/p>\n<p>Los pastores Jorge y Alicia dedicaron su vida entera a pastorear, y evangelizar incansablemente, de a una persona a la vez, sin saber que su ministerio luego se convertir\u00eda en uno de los m\u00e1s grandes de Latinoam\u00e9rica, congregando semanalmente m\u00e1s de 25.000 personas., contando actualmente con una membres\u00eda de 50.000.<\/p>\n<p>A lo largo de su trayectoria pastoral, han ayudado a muchas personas a salir adelante a trav\u00e9s de la fe en Jes\u00fas y miles han confirmado haber sido sanadas milagrosamente, haber salido de las drogas gracias a poner su vida en las manos de Dios, restaurado sus familias, matrimonios e hijos, y haber sido prosperados sobrenaturalmente gracias al amor y al perd\u00f3n de Dios.<\/p>\n<p><img data-recalc-dims=\"1\" decoding=\"async\" class=\"wp-image-8491 size-full aligncenter\" src=\"https:\/\/i0.wp.com\/iglesiaportaldelcielo.com\/wp-content\/uploads\/2021\/02\/001.png?resize=1080%2C720&#038;quality=95&#038;ssl=1\" alt=\"\" width=\"1080\" height=\"720\" \/><\/p>\n<p>La Iglesia <strong>Portal del Cielo<\/strong> desarrolla una amplia y sostenida labor de ayuda social, acompa\u00f1ando de manera activa a familias y comunidades en situaci\u00f3n de vulnerabilidad. A trav\u00e9s de una extensa red de merenderos distribuidos en distintos puntos de la ciudad, la Iglesia trabaja diariamente para atender necesidades b\u00e1sicas, realizando donaciones constantes de alimentos, ropa y medicamentos en barrios carenciados.<\/p>\n<p>De forma peri\u00f3dica, se entregan toneladas de alimentos y se brinda asistencia directa gracias al compromiso de voluntarios y profesionales \u2014m\u00e9dicos, peluqueros, asistentes sociales y otros\u2014 que dedican su tiempo y conocimiento para acompa\u00f1ar a quienes m\u00e1s lo necesitan.<\/p>\n<p>Durante los momentos m\u00e1s dif\u00edciles de la pandemia en el a\u00f1o 2020, la Iglesia don\u00f3 m\u00e1s de <strong>80 toneladas de alimentos<\/strong>, asistiendo a familias que atravesaban una situaci\u00f3n econ\u00f3mica cr\u00edtica.<\/p>\n<p>Este trabajo social, sostenido en el tiempo y de gran alcance, se apoya en una organizaci\u00f3n responsable y en valores claros. Por eso, la Iglesia Portal del Cielo cuenta con un <strong>Programa de Integridad, \u00c9tica y Transparencia<\/strong>, conforme a la <strong>Ley Nacional N.\u00ba 27.401<\/strong>, que establece normas y procedimientos para garantizar una gesti\u00f3n ordenada, transparente y coherente con los valores cristianos.<\/p>\n<p>Actualmente, la Iglesia se encuentra finalizando la construcci\u00f3n de su nuevo templo, <strong>PORTAL DEL CIELO<\/strong>, con capacidad para <strong>15.000 personas<\/strong> sentadas, pensado como un espacio de encuentro, fe y servicio a la comunidad.<\/p>\n<p>Los pastores obtuvieron el <strong>Doctorado en Capellan\u00eda<\/strong> (t\u00edtulo honor\u00edfico Honoris Causa por su trayectoria) y el <strong>Doctorado en Teolog\u00eda<\/strong>, ambos otorgados por <strong>CELA International University<\/strong>.<\/p>\n<p>Asimismo, son fundadores del movimiento cristiano, evangel\u00edstico y de milagros internacional <strong>INVASI\u00d3N DEL AMOR DE DIOS<\/strong>, un sistema pr\u00e1ctico de evangelismo sobrenatural que se desarrolla en m\u00e1s de <strong>40 pa\u00edses<\/strong>, en los <strong>cinco continentes<\/strong>, en m\u00e1s de <strong>10 idiomas<\/strong>, alcanzando a m\u00e1s de <strong>6 millones<\/strong> de personas cada a\u00f1o, siendo testigos de milagros y sanidades sobrenaturales.<\/p>\n<p>El pastor es autor de diversos libros, entre ellos <em>Gente Com\u00fan con Fe Sobrenatural, 71 D\u00edas de Conquistas e Invasi\u00f3n de lo Sobrenatural.<\/em><\/p>\n<p><img data-recalc-dims=\"1\" decoding=\"async\" class=\"wp-image-8492 size-full aligncenter\" src=\"https:\/\/i0.wp.com\/iglesiaportaldelcielo.com\/wp-content\/uploads\/2021\/02\/002.png?resize=1080%2C720&#038;quality=95&#038;ssl=1\" alt=\"\" width=\"1080\" height=\"720\" \/><\/p>\n<p><img data-recalc-dims=\"1\" decoding=\"async\" class=\"wp-image-8496 size-full aligncenter\" src=\"https:\/\/i0.wp.com\/iglesiaportaldelcielo.com\/wp-content\/uploads\/2021\/02\/006.png?resize=1080%2C720&#038;quality=95&#038;ssl=1\" alt=\"\" width=\"1080\" height=\"720\" \/><\/p>\n<p><img data-recalc-dims=\"1\" decoding=\"async\" class=\"wp-image-8494 size-full aligncenter\" src=\"https:\/\/i0.wp.com\/iglesiaportaldelcielo.com\/wp-content\/uploads\/2021\/02\/004.png?resize=1080%2C720&#038;quality=95&#038;ssl=1\" alt=\"\" width=\"1080\" height=\"720\" \/><\/p>\n<p><img data-recalc-dims=\"1\" decoding=\"async\" class=\"wp-image-8497 size-full aligncenter\" src=\"https:\/\/i0.wp.com\/iglesiaportaldelcielo.com\/wp-content\/uploads\/2021\/02\/007.png?resize=1080%2C720&#038;quality=95&#038;ssl=1\" alt=\"\" width=\"1080\" height=\"720\" \/><\/p>\n<p><img data-recalc-dims=\"1\" decoding=\"async\" class=\"wp-image-8495 size-full aligncenter\" src=\"https:\/\/i0.wp.com\/iglesiaportaldelcielo.com\/wp-content\/uploads\/2021\/02\/005.png?resize=1080%2C720&#038;quality=95&#038;ssl=1\" alt=\"\" width=\"1080\" height=\"720\" \/><\/p>\n<p><img data-recalc-dims=\"1\" decoding=\"async\" class=\"wp-image-8498 size-full aligncenter\" src=\"https:\/\/i0.wp.com\/iglesiaportaldelcielo.com\/wp-content\/uploads\/2021\/02\/008.png?resize=1080%2C720&#038;quality=95&#038;ssl=1\" alt=\"\" width=\"1080\" height=\"720\" \/><\/p>\n<p><img data-recalc-dims=\"1\" decoding=\"async\" class=\"wp-image-8498 size-full aligncenter\" src=\"https:\/\/i0.wp.com\/iglesiaportaldelcielo.com\/wp-content\/uploads\/2021\/02\/009.png?resize=1080%2C720&#038;quality=95&#038;ssl=1\" alt=\"\" width=\"1080\" height=\"720\" \/><\/p>\n<p>[\/et_pb_text][\/et_pb_column][\/et_pb_row][\/et_pb_section]<\/p>\n","protected":false},"excerpt":{"rendered":"<p>Los pastores Jorge y Alicia Ledesma fundaron Iglesia Cristiana Internacional en 1994 en Resistencia Chaco, Argentina, con tan solo 12 personas. <\/p>","protected":false},"author":1,"featured_media":9829,"parent":0,"menu_order":0,"comment_status":"closed","ping_status":"closed","template":"","meta":{"_et_pb_use_builder":"on","_et_pb_old_content":"","_et_gb_content_width":"","footnotes":""},"class_list":["post-126","page","type-page","status-publish","has-post-thumbnail","hentry"],"yoast_head":"<!-- This site is optimized with the Yoast SEO plugin v27.2 - https:\/\/yoast.com\/product\/yoast-seo-wordpress\/ -->\n<title>Nosotros - Iglesia Portal del Cielo<\/title>\n<meta name=\"description\" content=\"Los pastores Ledesma fundaron Iglesia Cristiana Internacional en 1994. Actualmente cuenta con 45.000 miembros y un ministerio de ayuda social\" \/>\n<meta name=\"robots\" content=\"index, nofollow, max-snippet:-1, max-image-preview:large, max-video-preview:-1\" \/>\n<link rel=\"canonical\" href=\"https:\/\/iglesiaportaldelcielo.com\/en\/nosotros\/\" \/>\n<meta property=\"og:locale\" content=\"en_US\" \/>\n<meta property=\"og:type\" content=\"article\" \/>\n<meta property=\"og:title\" content=\"Nosotros - Iglesia Portal del Cielo\" \/>\n<meta property=\"og:description\" content=\"Los pastores Jorge y Alicia Ledesma fundaron Iglesia Cristiana Internacional en 1994 en Resistencia Chaco, Argentina, con tan solo 12 personas.\" \/>\n<meta property=\"og:url\" content=\"https:\/\/iglesiaportaldelcielo.com\/en\/nosotros\/\" \/>\n<meta property=\"og:site_name\" content=\"Iglesia Portal del Cielo\" \/>\n<meta property=\"article:publisher\" content=\"https:\/\/www.facebook.com\/jorgeledesma.chaco\" \/>\n<meta property=\"article:modified_time\" content=\"2026-01-23T17:27:06+00:00\" \/>\n<meta property=\"og:image\" content=\"https:\/\/iglesiaportaldelcielo.com\/wp-content\/uploads\/2021\/08\/WhatsApp-Image-2021-08-23-at-12.16.50-1.jpeg\" \/>\n\t<meta property=\"og:image:width\" content=\"924\" \/>\n\t<meta property=\"og:image:height\" content=\"500\" \/>\n\t<meta property=\"og:image:type\" content=\"image\/jpeg\" \/>\n<meta name=\"twitter:card\" content=\"summary_large_image\" \/>\n<meta name=\"twitter:title\" content=\"Nosotros - Iglesia Portal del Cielo\" \/>\n<meta name=\"twitter:description\" content=\"Los pastores Jorge y Alicia Ledesma fundaron Iglesia Cristiana Internacional en 1994 en Resistencia Chaco, Argentina, con tan solo 12 personas.\" \/>\n<meta name=\"twitter:site\" content=\"@pastorjorgeled\" \/>\n<!-- \/ Yoast SEO plugin. -->","yoast_head_json":{"title":"Nosotros - Iglesia Portal del Cielo","description":"Los pastores Ledesma fundaron Iglesia Cristiana Internacional en 1994. Actualmente cuenta con 45.000 miembros y un ministerio de ayuda social","robots":{"index":"index","follow":"nofollow","max-snippet":"max-snippet:-1","max-image-preview":"max-image-preview:large","max-video-preview":"max-video-preview:-1"},"canonical":"https:\/\/iglesiaportaldelcielo.com\/en\/nosotros\/","og_locale":"en_US","og_type":"article","og_title":"Nosotros - Iglesia Portal del Cielo","og_description":"Los pastores Jorge y Alicia Ledesma fundaron Iglesia Cristiana Internacional en 1994 en Resistencia Chaco, Argentina, con tan solo 12 personas.","og_url":"https:\/\/iglesiaportaldelcielo.com\/en\/nosotros\/","og_site_name":"Iglesia Portal del Cielo","article_publisher":"https:\/\/www.facebook.com\/jorgeledesma.chaco","article_modified_time":"2026-01-23T17:27:06+00:00","og_image":[{"width":924,"height":500,"url":"https:\/\/iglesiaportaldelcielo.com\/wp-content\/uploads\/2021\/08\/WhatsApp-Image-2021-08-23-at-12.16.50-1.jpeg","type":"image\/jpeg"}],"twitter_card":"summary_large_image","twitter_title":"Nosotros - Iglesia Portal del Cielo","twitter_description":"Los pastores Jorge y Alicia Ledesma fundaron Iglesia Cristiana Internacional en 1994 en Resistencia Chaco, Argentina, con tan solo 12 personas.","twitter_site":"@pastorjorgeled","schema":{"@context":"https:\/\/schema.org","@graph":[{"@type":"WebPage","@id":"https:\/\/iglesiaportaldelcielo.com\/nosotros\/","url":"https:\/\/iglesiaportaldelcielo.com\/nosotros\/","name":"Nosotros - Iglesia Portal del Cielo","isPartOf":{"@id":"https:\/\/iglesiaportaldelcielo.com\/#website"},"primaryImageOfPage":{"@id":"https:\/\/iglesiaportaldelcielo.com\/nosotros\/#primaryimage"},"image":{"@id":"https:\/\/iglesiaportaldelcielo.com\/nosotros\/#primaryimage"},"thumbnailUrl":"https:\/\/i0.wp.com\/iglesiaportaldelcielo.com\/wp-content\/uploads\/2021\/08\/WhatsApp-Image-2021-08-23-at-12.16.50-1.jpeg?fit=924%2C500&quality=95&ssl=1","datePublished":"2017-09-14T16:32:54+00:00","dateModified":"2026-01-23T17:27:06+00:00","description":"Los pastores Ledesma fundaron Iglesia Cristiana Internacional en 1994. Actualmente cuenta con 45.000 miembros y un ministerio de ayuda social","inLanguage":"en-US","potentialAction":[{"@type":"ReadAction","target":["https:\/\/iglesiaportaldelcielo.com\/nosotros\/"]}]},{"@type":"ImageObject","inLanguage":"en-US","@id":"https:\/\/iglesiaportaldelcielo.com\/nosotros\/#primaryimage","url":"https:\/\/i0.wp.com\/iglesiaportaldelcielo.com\/wp-content\/uploads\/2021\/08\/WhatsApp-Image-2021-08-23-at-12.16.50-1.jpeg?fit=924%2C500&quality=95&ssl=1","contentUrl":"https:\/\/i0.wp.com\/iglesiaportaldelcielo.com\/wp-content\/uploads\/2021\/08\/WhatsApp-Image-2021-08-23-at-12.16.50-1.jpeg?fit=924%2C500&quality=95&ssl=1","width":924,"height":500},{"@type":"WebSite","@id":"https:\/\/iglesiaportaldelcielo.com\/#website","url":"https:\/\/iglesiaportaldelcielo.com\/","name":"Iglesia Portal del Cielo","description":"Invasi\u00f3n del Amor de Dios","publisher":{"@id":"https:\/\/iglesiaportaldelcielo.com\/#organization"},"potentialAction":[{"@type":"SearchAction","target":{"@type":"EntryPoint","urlTemplate":"https:\/\/iglesiaportaldelcielo.com\/?s={search_term_string}"},"query-input":{"@type":"PropertyValueSpecification","valueRequired":true,"valueName":"search_term_string"}}],"inLanguage":"en-US"},{"@type":"Organization","@id":"https:\/\/iglesiaportaldelcielo.com\/#organization","name":"Iglesia Portal del Cielo","url":"https:\/\/iglesiaportaldelcielo.com\/","logo":{"@type":"ImageObject","inLanguage":"en-US","@id":"https:\/\/iglesiaportaldelcielo.com\/#\/schema\/logo\/image\/","url":"https:\/\/i0.wp.com\/iglesiaportaldelcielo.com\/wp-content\/uploads\/2017\/11\/logoigle.png?fit=300%2C123&ssl=1","contentUrl":"https:\/\/i0.wp.com\/iglesiaportaldelcielo.com\/wp-content\/uploads\/2017\/11\/logoigle.png?fit=300%2C123&ssl=1","width":300,"height":123,"caption":"Iglesia Portal del Cielo"},"image":{"@id":"https:\/\/iglesiaportaldelcielo.com\/#\/schema\/logo\/image\/"},"sameAs":["https:\/\/www.facebook.com\/jorgeledesma.chaco","https:\/\/x.com\/pastorjorgeled","https:\/\/www.instagram.com\/pastorjorgeled\/","https:\/\/www.youtube.com\/cielosabiertoschaco"]}]}},"_links":{"self":[{"href":"https:\/\/iglesiaportaldelcielo.com\/en\/wp-json\/wp\/v2\/pages\/126","targetHints":{"allow":["GET"]}}],"collection":[{"href":"https:\/\/iglesiaportaldelcielo.com\/en\/wp-json\/wp\/v2\/pages"}],"about":[{"href":"https:\/\/iglesiaportaldelcielo.com\/en\/wp-json\/wp\/v2\/types\/page"}],"author":[{"embeddable":true,"href":"https:\/\/iglesiaportaldelcielo.com\/en\/wp-json\/wp\/v2\/users\/1"}],"replies":[{"embeddable":true,"href":"https:\/\/iglesiaportaldelcielo.com\/en\/wp-json\/wp\/v2\/comments?post=126"}],"version-history":[{"count":0,"href":"https:\/\/iglesiaportaldelcielo.com\/en\/wp-json\/wp\/v2\/pages\/126\/revisions"}],"wp:featuredmedia":[{"embeddable":true,"href":"https:\/\/iglesiaportaldelcielo.com\/en\/wp-json\/wp\/v2\/media\/9829"}],"wp:attachment":[{"href":"https:\/\/iglesiaportaldelcielo.com\/en\/wp-json\/wp\/v2\/media?parent=126"}],"curies":[{"name":"wp","href":"https:\/\/api.w.org\/{rel}","templated":true}]}}